{"id":936,"date":"2021-02-03T00:14:07","date_gmt":"2021-02-02T23:14:07","guid":{"rendered":"https:\/\/platin-grading.de\/?page_id=936"},"modified":"2024-08-15T14:25:33","modified_gmt":"2024-08-15T12:25:33","slug":"agb","status":"publish","type":"page","link":"https:\/\/platin-grading.de\/en\/agb\/","title":{"rendered":"AGB &#8211; Allgemeine Gesch\u00e4ftsbedingungen"},"content":{"rendered":"<div data-elementor-type=\"wp-page\" data-elementor-id=\"936\" class=\"elementor elementor-936\">\n\t\t\t\t\t\t<section class=\"elementor-section elementor-top-section elementor-element elementor-element-7358ee4e elementor-section-boxed elementor-section-height-default elementor-section-height-default\" data-id=\"7358ee4e\" data-element_type=\"section\" data-e-type=\"section\">\n\t\t\t\t\t\t<div class=\"elementor-container elementor-column-gap-default\">\n\t\t\t\t\t<div class=\"elementor-column elementor-col-100 elementor-top-column elementor-element elementor-element-610864d8\" data-id=\"610864d8\" data-element_type=\"column\" data-e-type=\"column\">\n\t\t\t<div class=\"elementor-widget-wrap elementor-element-populated\">\n\t\t\t\t\t\t<div class=\"elementor-element elementor-element-6a838f8c elementor-widget elementor-widget-text-editor\" data-id=\"6a838f8c\" data-element_type=\"widget\" data-e-type=\"widget\" data-widget_type=\"text-editor.default\">\n\t\t\t\t<div class=\"elementor-widget-container\">\n\t\t\t\t\t\t\t\t\t<header>\n<h1>AGB \u2013 Allgemeine Gesch\u00e4ftsbedingungen<\/h1>\n<\/header>\n<div>\n<section>\n<p>General terms and conditions of business<\/p>\n<p><strong data-redactor-tag=\"strong\">1. GELTUNGSBEREICH<\/strong><br>F\u00fcr alle Bestellungen \u00fcber unseren Online-Shop gelten die nachfolgenden AGB. Unser Online-Shop richtet sich ausschlie\u00dflich an Verbraucher.<\/p>\n<p>Verbraucher ist jede nat\u00fcrliche Person, die ein Rechtsgesch\u00e4ft zu Zwecken abschlie\u00dft, die \u00fcberwiegend weder ihrer gewerblichen noch ihrer selbst\u00e4ndigen beruflichen T\u00e4tigkeit zugerechnet werden k\u00f6nnen. Unternehmer ist eine nat\u00fcrliche oder juristische Person oder eine rechtsf\u00e4hige Personengesellschaft, die bei Abschluss eines Rechtsgesch\u00e4fts in Aus\u00fcbung ihrer gewerblichen oder selbst\u00e4ndigen beruflichen T\u00e4tigkeit handelt.<\/p>\n<p><strong data-redactor-tag=\"strong\">2. VERTRAGSPARTNER, VERTRAGSSCHLUSS<\/strong><br>Der Kaufvertrag kommt zustande mit PlatinGrading GmbH<\/p>\n<p>Mit Einstellung der Produkte in den Online-Shop geben wir ein verbindliches Angebot zum Vertragsschluss \u00fcber diese Artikel ab. Sie k\u00f6nnen unsere Produkte zun\u00e4chst unverbindlich in den Warenkorb legen und Ihre Eingaben vor Absenden Ihrer verbindlichen Bestellung jederzeit korrigieren, indem Sie die hierf\u00fcr im Bestellablauf vorgesehenen und erl\u00e4uterten Korrekturhilfen nutzen. Der Vertrag kommt zustande, indem Sie durch Anklicken des Bestellbuttons das Angebot \u00fcber die im Warenkorb enthaltenen Waren annehmen. Unmittelbar nach dem Absenden der Bestellung erhalten Sie noch einmal eine Best\u00e4tigung per E-Mail.<\/p>\n<p><strong data-redactor-tag=\"strong\">3. VERTRAGSSPRACHE, VERTRAGSTEXTSPEICHERUNG<\/strong><br>Die f\u00fcr den Vertragsschluss zur Verf\u00fcgung stehende(n) Sprache(n): Deutsch<\/p>\n<p>Wir speichern den Vertragstext und senden Ihnen die Bestelldaten und unsere AGB in Textform zu. Der Vertragstext ist aus Sicherheitsgr\u00fcnden nicht mehr \u00fcber das Internet zug\u00e4nglich.<\/p>\n<p><strong data-redactor-tag=\"strong\">4. LIEFERBEDINGUNGEN<\/strong><br>Zuz\u00fcglich zu den angegebenen Produktpreisen k\u00f6nnen noch Versandkosten anfallen. N\u00e4here Bestimmungen zu ggf. anfallenden Versandkosten erfahren Sie bei den Angeboten.<\/p>\n<p><strong data-redactor-tag=\"strong\">5. BEZAHLUNG<\/strong><br>In unserem Shop stehen Ihnen grunds\u00e4tzlich die folgenden Zahlungsarten zur Verf\u00fcgung:<br><strong data-redactor-tag=\"strong\">PayPal<\/strong><br>Im Bestellprozess werden Sie auf die Webseite des Online-Anbieters PayPal weitergeleitet. Um den Rechnungsbetrag \u00fcber PayPal bezahlen zu k\u00f6nnen, m\u00fcssen Sie dort registriert sein bzw. sich erst registrieren, mit Ihren Zugangsdaten legitimieren und die Zahlungsanweisung an uns best\u00e4tigen. Nach Abgabe der Bestellung im Shop fordern wir PayPal zur Einleitung der Zahlungstransaktion auf. Die Zahlungstransaktion wird durch PayPal automatisch durchgef\u00fchrt, nachdem Sie die Ware erhalten haben. Weitere Hinweise erhalten Sie beim Bestellvorgang<br><strong data-redactor-tag=\"strong\">\u00dcberweisung<\/strong><br>Sie zahlen den Rechnungsbetrag nachdem das Grading abgeschlossen ist. Sie \u00fcberweisen dann anschlie\u00dfend die Rechnungssumme auf unser Bankkonto. Nach dem Zahlungseingang wird das Produkt anschlie\u00dfend versendet.<\/p>\n<p><strong data-redactor-tag=\"strong\">6. EIGENTUMSVORBEHALT<\/strong><br>Die Ware bleibt bis zur vollst\u00e4ndigen Bezahlung unser Eigentum.<\/p>\n<p><strong data-redactor-tag=\"strong\">7. TRANSPORTSCH\u00c4DEN<\/strong><br>Werden Waren mit offensichtlichen Transportsch\u00e4den angeliefert, so reklamieren Sie solche Fehler bitte m\u00f6glichst sofort beim Zusteller und nehmen Sie bitte unverz\u00fcglich Kontakt zu uns auf. Die Vers\u00e4umung einer Reklamation oder Kontaktaufnahme hat f\u00fcr Ihre gesetzlichen Anspr\u00fcche und deren Durchsetzung, insbesondere Ihre Gew\u00e4hrleistungsrechte, keinerlei Konsequenzen. Sie helfen uns aber, unsere eigenen Anspr\u00fcche gegen\u00fcber dem Frachtf\u00fchrer bzw. der Transportversicherung geltend machen zu k\u00f6nnen.<\/p>\n<p><strong data-redactor-tag=\"strong\">8. GEW\u00c4HRLEISTUNG UND GARANTIEN<\/strong><br>Soweit nicht nachstehend ausdr\u00fccklich anders vereinbart, gilt das gesetzliche M\u00e4ngelhaftungsrecht.<br>Bei gebrauchten Waren gilt: wenn der Mangel nach Ablauf eines Jahres ab Ablieferung der Ware auftritt, sind die M\u00e4ngelanspr\u00fcche ausgeschlossen. M\u00e4ngel, die innerhalb eines Jahres ab Ablieferung der Ware auftreten, k\u00f6nnen im Rahmen der gesetzlichen Verj\u00e4hrungsfrist von zwei Jahren ab Ablieferung der Ware geltend gemacht werden.<br>Die vorstehenden Einschr\u00e4nkungen und Fristverk\u00fcrzungen gelten nicht f\u00fcr Anspr\u00fcche aufgrund von Sch\u00e4den, die durch uns, unsere gesetzlichen Vertreter oder Erf\u00fcllungsgehilfen verursacht wurden<br>\u2022 bei Verletzung des Lebens, des K\u00f6rpers oder der Gesundheit<br>\u2022 bei vors\u00e4tzlicher oder grob fahrl\u00e4ssiger Pflichtverletzung sowie Arglist<br>\u2022 bei Verletzung wesentlicher Vertragspflichten, deren Erf\u00fcllung die ordnungsgem\u00e4\u00dfe Durchf\u00fchrung des Vertrages \u00fcberhaupt erst erm\u00f6glicht und auf deren Einhaltung der Vertragspartner regelm\u00e4\u00dfig vertrauen darf (Kardinalpflichten)<br>\u2022 im Rahmen eines Garantieversprechens, soweit vereinbart oder<br>\u2022 soweit der Anwendungsbereich des Produkthaftungsgesetzes er\u00f6ffnet ist.<br>Informationen zu gegebenenfalls geltenden zus\u00e4tzlichen Garantien und deren genaue Bedingungen finden Sie jeweils beim Produkt und auf besonderen Informationsseiten im Online-Shop.<\/p>\n<p>Kundendienst: Kontakt \u00fcber Kundenhotline oder per Mail an info@platin-grading.de<\/p>\n<p><strong data-redactor-tag=\"strong\">9. HAFTUNG<\/strong><\/p>\n<p>(1) F\u00fcr Anspr\u00fcche aufgrund von Sch\u00e4den, die durch uns, unsere gesetzlichen Vertreter oder Erf\u00fcllungsgehilfen verursacht wurden, haften wir stets unbeschr\u00e4nkt:<\/p>\n<ul>\n<li>bei Verletzung des Lebens, des K\u00f6rpers oder der Gesundheit,<\/li>\n<li>bei vors\u00e4tzlicher oder grob fahrl\u00e4ssiger Pflichtverletzung,<\/li>\n<li>bei Garantieversprechen, soweit vereinbart, oder<\/li>\n<li>soweit der Anwendungsbereich des Produkthaftungsgesetzes er\u00f6ffnet ist.<\/li>\n<\/ul>\n<p>(2) Bei der Verletzung wesentlicher Vertragspflichten (Kardinalpflichten), deren Erf\u00fcllung die ordnungsgem\u00e4\u00dfe Durchf\u00fchrung des Vertrages \u00fcberhaupt erst erm\u00f6glicht und auf deren Einhaltung der Vertragspartner regelm\u00e4\u00dfig vertrauen darf, ist unsere Haftung bei leichter Fahrl\u00e4ssigkeit auf den bei Vertragsschluss vorhersehbaren Schaden begrenzt, mit dessen Entstehung typischerweise gerechnet werden muss.<\/p>\n<p>(3) Wir \u00fcbernehmen keine Haftung f\u00fcr Abweichungen zwischen unseren Bewertungen und den Bewertungen anderer Bewertungsunternehmen. Ebenso haften wir nicht f\u00fcr finanzielle Verluste oder sonstige Nachteile, die aus der Nutzung unserer Bewertung resultieren.<\/p>\n<p>(4) Unsere Bewertungen stellen eine subjektive Einsch\u00e4tzung dar und sind nicht als verbindliche Garantie zu verstehen.<\/p>\n<p>(5) Im \u00dcbrigen sind Anspr\u00fcche auf Schadensersatz ausgeschlossen, soweit nicht anderweitig ausdr\u00fccklich geregelt.<\/p>\n<p><strong data-redactor-tag=\"strong\">10. STREITBEILEGUNG<\/strong><br>Die Europ\u00e4ische Kommission stellt eine Plattform zur Online-Streitbeilegung (OS) bereit, die Sie hier<span>&nbsp;<\/span><a href=\"https:\/\/ec.europa.eu\/consumers\/odr\">https:\/\/ec.europa.eu\/consumers\/odr<\/a><span>&nbsp;<\/span>finden. Zur Teilnahme an einem Streitbeilegungsverfahren vor einer Verbraucherschlichtungsstelle sind wir nicht verpflichtet und nicht bereit.<\/p>\n<p><strong data-redactor-tag=\"strong\">11. LAGERUNGS- UND VERSICHERUNGSGEB\u00dcHREN BEI NICHT BEZAHLTEN AUFTR\u00c4GEN<\/strong><\/p>\n<p>Sollten Rechnungen f\u00fcr erbrachte Leistungen des Platin Grading Service nicht innerhalb der in der Rechnung genannten Zahlungsfrist beglichen werden, behalten wir uns das Recht vor, ab dem 30. Tag der ausstehenden Zahlung Lagerungs- und Versicherungsgeb\u00fchren zu erheben.<\/p>\n<p>Die Lagerungs- und Versicherungsgeb\u00fchr betr\u00e4gt 5% des Gesamtbetrags der offenen Rechnung pro angefangenen Monat. Diese Geb\u00fchr wird ab dem 30. Tag nach F\u00e4lligkeit der Rechnung monatlich in Rechnung gestellt.<\/p>\n<p>Der Kunde bleibt verpflichtet, den ausstehenden Betrag sowie die anfallenden Lagerungs- und Versicherungsgeb\u00fchren in voller H\u00f6he zu begleichen.<\/p>\n<p>Die Lagerungs- und Versicherungsgeb\u00fchr stellt keinen Ersatz f\u00fcr den ausstehenden Betrag dar und kann nicht mit diesem verrechnet werden.<\/p>\n<p>Der Platin Grading Service beh\u00e4lt sich das Recht vor, den Auftrag bis zur vollst\u00e4ndigen Begleichung aller offenen Betr\u00e4ge einschlie\u00dflich der Lagerungs- und Versicherungsgeb\u00fchren zur\u00fcckzuhalten.<\/p>\n<p><strong data-redactor-tag=\"strong\">12. UMGANG MIT F\u00c4LSCHUNGEN<\/strong><\/p>\n<p>F\u00e4lschungen werden von uns grunds\u00e4tzlich nicht bewertet. Sollte jedoch der Verdacht auf eine F\u00e4lschung bestehen, behalten wir uns das Recht vor, diesen Fall als Betrugsversuch zu werten und entsprechende rechtliche Schritte einzuleiten.<\/p>\n<p>Im Falle einer F\u00e4lschung wird dem Kunden ein schriftlicher Bericht bzw. ein Gutachten \u00fcber die festgestellten F\u00e4lschungsmerkmale ausgeh\u00e4ndigt. Da unsere Dienstleistung in der Identifizierung und Beurteilung des Objekts besteht, wird die erbrachte Leistung gem\u00e4\u00df unserer \u00fcblichen Geb\u00fchrenordnung in Rechnung gestellt.<br><br><br>Stand 01.2024<\/p>\n<p><\/p>\n<\/section>\n<\/div>\t\t\t\t\t\t\t\t<\/div>\n\t\t\t\t<\/div>\n\t\t\t\t\t<\/div>\n\t\t<\/div>\n\t\t\t\t\t<\/div>\n\t\t<\/section>\n\t\t\t\t<\/div>","protected":false},"excerpt":{"rendered":"<p>AGB \u2013 Allgemeine Gesch\u00e4ftsbedingungen Allgemeine Gesch\u00e4ftsbedingungen 1. GELTUNGSBEREICHF\u00fcr alle Bestellungen \u00fcber unseren Online-Shop gelten die nachfolgenden AGB. Unser Online-Shop richtet sich ausschlie\u00dflich an Verbraucher. Verbraucher ist jede nat\u00fcrliche Person, die [&hellip;]<\/p>\n","protected":false},"author":4,"featured_media":0,"parent":0,"menu_order":0,"comment_status":"closed","ping_status":"closed","template":"","meta":{"_acf_changed":false,"footnotes":""},"class_list":["post-936","page","type-page","status-publish","hentry"],"acf":[],"yoast_head":"<!-- This site is optimized with the Yoast SEO plugin v27.5 - https:\/\/yoast.com\/product\/yoast-seo-wordpress\/ -->\n<title>AGB - Allgemeine Gesch\u00e4ftsbedingungen - PGS - Platin Grading Service<\/title>\n<meta name=\"robots\" content=\"index, follow, max-snippet:-1, max-image-preview:large, max-video-preview:-1\" \/>\n<link rel=\"canonical\" href=\"https:\/\/platin-grading.de\/en\/agb\/\" \/>\n<meta property=\"og:locale\" content=\"en_US\" \/>\n<meta property=\"og:type\" content=\"article\" \/>\n<meta property=\"og:title\" content=\"AGB - Allgemeine Gesch\u00e4ftsbedingungen - PGS - Platin Grading Service\" \/>\n<meta property=\"og:description\" content=\"AGB \u2013 Allgemeine Gesch\u00e4ftsbedingungen Allgemeine Gesch\u00e4ftsbedingungen 1. GELTUNGSBEREICHF\u00fcr alle Bestellungen \u00fcber unseren Online-Shop gelten die nachfolgenden AGB. Unser Online-Shop richtet sich ausschlie\u00dflich an Verbraucher. Verbraucher ist jede nat\u00fcrliche Person, die [&hellip;]\" \/>\n<meta property=\"og:url\" content=\"https:\/\/platin-grading.de\/en\/agb\/\" \/>\n<meta property=\"og:site_name\" content=\"PGS - Platin Grading Service\" \/>\n<meta property=\"article:modified_time\" content=\"2024-08-15T12:25:33+00:00\" \/>\n<meta name=\"twitter:label1\" content=\"Est. reading time\" \/>\n\t<meta name=\"twitter:data1\" content=\"6 minutes\" \/>\n<script type=\"application\/ld+json\" class=\"yoast-schema-graph\">{\"@context\":\"https:\\\/\\\/schema.org\",\"@graph\":[{\"@type\":\"WebPage\",\"@id\":\"https:\\\/\\\/platin-grading.de\\\/en\\\/agb\\\/\",\"url\":\"https:\\\/\\\/platin-grading.de\\\/en\\\/agb\\\/\",\"name\":\"AGB - Allgemeine Gesch\u00e4ftsbedingungen - PGS - Platin Grading Service\",\"isPartOf\":{\"@id\":\"https:\\\/\\\/platin-grading.de\\\/en\\\/#website\"},\"datePublished\":\"2021-02-02T23:14:07+00:00\",\"dateModified\":\"2024-08-15T12:25:33+00:00\",\"breadcrumb\":{\"@id\":\"https:\\\/\\\/platin-grading.de\\\/en\\\/agb\\\/#breadcrumb\"},\"inLanguage\":\"en-US\",\"potentialAction\":[{\"@type\":\"ReadAction\",\"target\":[\"https:\\\/\\\/platin-grading.de\\\/en\\\/agb\\\/\"]}]},{\"@type\":\"BreadcrumbList\",\"@id\":\"https:\\\/\\\/platin-grading.de\\\/en\\\/agb\\\/#breadcrumb\",\"itemListElement\":[{\"@type\":\"ListItem\",\"position\":1,\"name\":\"Startseite\",\"item\":\"https:\\\/\\\/platin-grading.de\\\/\"},{\"@type\":\"ListItem\",\"position\":2,\"name\":\"AGB &#8211; Allgemeine Gesch\u00e4ftsbedingungen\"}]},{\"@type\":\"WebSite\",\"@id\":\"https:\\\/\\\/platin-grading.de\\\/en\\\/#website\",\"url\":\"https:\\\/\\\/platin-grading.de\\\/en\\\/\",\"name\":\"PGS - Platin Grading Service\",\"description\":\"Grading Service, Bewertung von Sammelkarten\",\"publisher\":{\"@id\":\"https:\\\/\\\/platin-grading.de\\\/en\\\/#organization\"},\"potentialAction\":[{\"@type\":\"SearchAction\",\"target\":{\"@type\":\"EntryPoint\",\"urlTemplate\":\"https:\\\/\\\/platin-grading.de\\\/en\\\/?s={search_term_string}\"},\"query-input\":{\"@type\":\"PropertyValueSpecification\",\"valueRequired\":true,\"valueName\":\"search_term_string\"}}],\"inLanguage\":\"en-US\"},{\"@type\":\"Organization\",\"@id\":\"https:\\\/\\\/platin-grading.de\\\/en\\\/#organization\",\"name\":\"Platin Grading Service\",\"url\":\"https:\\\/\\\/platin-grading.de\\\/en\\\/\",\"logo\":{\"@type\":\"ImageObject\",\"inLanguage\":\"en-US\",\"@id\":\"https:\\\/\\\/platin-grading.de\\\/en\\\/#\\\/schema\\\/logo\\\/image\\\/\",\"url\":\"https:\\\/\\\/platin-grading.de\\\/wp-content\\\/uploads\\\/2020\\\/11\\\/2-01-1-scaled.jpg\",\"contentUrl\":\"https:\\\/\\\/platin-grading.de\\\/wp-content\\\/uploads\\\/2020\\\/11\\\/2-01-1-scaled.jpg\",\"width\":2560,\"height\":1600,\"caption\":\"Platin Grading Service\"},\"image\":{\"@id\":\"https:\\\/\\\/platin-grading.de\\\/en\\\/#\\\/schema\\\/logo\\\/image\\\/\"}}]}<\/script>\n<!-- \/ Yoast SEO plugin. -->","yoast_head_json":{"title":"AGB - Allgemeine Gesch\u00e4ftsbedingungen - PGS - Platin Grading Service","robots":{"index":"index","follow":"follow","max-snippet":"max-snippet:-1","max-image-preview":"max-image-preview:large","max-video-preview":"max-video-preview:-1"},"canonical":"https:\/\/platin-grading.de\/en\/agb\/","og_locale":"en_US","og_type":"article","og_title":"AGB - Allgemeine Gesch\u00e4ftsbedingungen - PGS - Platin Grading Service","og_description":"AGB \u2013 Allgemeine Gesch\u00e4ftsbedingungen Allgemeine Gesch\u00e4ftsbedingungen 1. GELTUNGSBEREICHF\u00fcr alle Bestellungen \u00fcber unseren Online-Shop gelten die nachfolgenden AGB. Unser Online-Shop richtet sich ausschlie\u00dflich an Verbraucher. Verbraucher ist jede nat\u00fcrliche Person, die [&hellip;]","og_url":"https:\/\/platin-grading.de\/en\/agb\/","og_site_name":"PGS - Platin Grading Service","article_modified_time":"2024-08-15T12:25:33+00:00","twitter_misc":{"Est. reading time":"6 minutes"},"schema":{"@context":"https:\/\/schema.org","@graph":[{"@type":"WebPage","@id":"https:\/\/platin-grading.de\/en\/agb\/","url":"https:\/\/platin-grading.de\/en\/agb\/","name":"AGB - Allgemeine Gesch\u00e4ftsbedingungen - PGS - Platin Grading Service","isPartOf":{"@id":"https:\/\/platin-grading.de\/en\/#website"},"datePublished":"2021-02-02T23:14:07+00:00","dateModified":"2024-08-15T12:25:33+00:00","breadcrumb":{"@id":"https:\/\/platin-grading.de\/en\/agb\/#breadcrumb"},"inLanguage":"en-US","potentialAction":[{"@type":"ReadAction","target":["https:\/\/platin-grading.de\/en\/agb\/"]}]},{"@type":"BreadcrumbList","@id":"https:\/\/platin-grading.de\/en\/agb\/#breadcrumb","itemListElement":[{"@type":"ListItem","position":1,"name":"Startseite","item":"https:\/\/platin-grading.de\/"},{"@type":"ListItem","position":2,"name":"AGB &#8211; Allgemeine Gesch\u00e4ftsbedingungen"}]},{"@type":"WebSite","@id":"https:\/\/platin-grading.de\/en\/#website","url":"https:\/\/platin-grading.de\/en\/","name":"PGS - Platin Grading Service","description":"Grading Service, Bewertung von Sammelkarten","publisher":{"@id":"https:\/\/platin-grading.de\/en\/#organization"},"potentialAction":[{"@type":"SearchAction","target":{"@type":"EntryPoint","urlTemplate":"https:\/\/platin-grading.de\/en\/?s={search_term_string}"},"query-input":{"@type":"PropertyValueSpecification","valueRequired":true,"valueName":"search_term_string"}}],"inLanguage":"en-US"},{"@type":"Organization","@id":"https:\/\/platin-grading.de\/en\/#organization","name":"Platin Grading Service","url":"https:\/\/platin-grading.de\/en\/","logo":{"@type":"ImageObject","inLanguage":"en-US","@id":"https:\/\/platin-grading.de\/en\/#\/schema\/logo\/image\/","url":"https:\/\/platin-grading.de\/wp-content\/uploads\/2020\/11\/2-01-1-scaled.jpg","contentUrl":"https:\/\/platin-grading.de\/wp-content\/uploads\/2020\/11\/2-01-1-scaled.jpg","width":2560,"height":1600,"caption":"Platin Grading Service"},"image":{"@id":"https:\/\/platin-grading.de\/en\/#\/schema\/logo\/image\/"}}]}},"_links":{"self":[{"href":"https:\/\/platin-grading.de\/en\/wp-json\/wp\/v2\/pages\/936","targetHints":{"allow":["GET"]}}],"collection":[{"href":"https:\/\/platin-grading.de\/en\/wp-json\/wp\/v2\/pages"}],"about":[{"href":"https:\/\/platin-grading.de\/en\/wp-json\/wp\/v2\/types\/page"}],"author":[{"embeddable":true,"href":"https:\/\/platin-grading.de\/en\/wp-json\/wp\/v2\/users\/4"}],"replies":[{"embeddable":true,"href":"https:\/\/platin-grading.de\/en\/wp-json\/wp\/v2\/comments?post=936"}],"version-history":[{"count":0,"href":"https:\/\/platin-grading.de\/en\/wp-json\/wp\/v2\/pages\/936\/revisions"}],"wp:attachment":[{"href":"https:\/\/platin-grading.de\/en\/wp-json\/wp\/v2\/media?parent=936"}],"curies":[{"name":"wp","href":"https:\/\/api.w.org\/{rel}","templated":true}]}}