{"id":8951,"date":"2021-04-02T00:47:19","date_gmt":"2021-04-01T22:47:19","guid":{"rendered":"https:\/\/platin-grading.de\/?page_id=8951"},"modified":"2023-11-20T17:19:17","modified_gmt":"2023-11-20T16:19:17","slug":"faq","status":"publish","type":"page","link":"https:\/\/platin-grading.de\/en\/faq\/","title":{"rendered":"FAQ"},"content":{"rendered":"<div data-elementor-type=\"wp-page\" data-elementor-id=\"8951\" class=\"elementor elementor-8951\">\n\t\t\t\t\t\t<section class=\"elementor-section elementor-top-section elementor-element elementor-element-42c9f9d elementor-section-boxed elementor-section-height-default elementor-section-height-default\" data-id=\"42c9f9d\" data-element_type=\"section\" data-e-type=\"section\" data-settings=\"{&quot;background_background&quot;:&quot;classic&quot;}\">\n\t\t\t\t\t\t\t<div class=\"elementor-background-overlay\"><\/div>\n\t\t\t\t\t\t\t<div class=\"elementor-container elementor-column-gap-default\">\n\t\t\t\t\t<div class=\"elementor-column elementor-col-100 elementor-top-column elementor-element elementor-element-aa6c9a8\" data-id=\"aa6c9a8\" data-element_type=\"column\" data-e-type=\"column\">\n\t\t\t<div class=\"elementor-widget-wrap elementor-element-populated\">\n\t\t\t\t\t\t<div class=\"elementor-element elementor-element-3c2ce35 elementor-widget elementor-widget-heading\" data-id=\"3c2ce35\" data-element_type=\"widget\" data-e-type=\"widget\" data-widget_type=\"heading.default\">\n\t\t\t\t<div class=\"elementor-widget-container\">\n\t\t\t\t\t<h1 class=\"elementor-heading-title elementor-size-default\">FAQ<\/h1>\t\t\t\t<\/div>\n\t\t\t\t<\/div>\n\t\t\t\t<div class=\"elementor-element elementor-element-7e7201d elementor-widget elementor-widget-text-editor\" data-id=\"7e7201d\" data-element_type=\"widget\" data-e-type=\"widget\" data-widget_type=\"text-editor.default\">\n\t\t\t\t<div class=\"elementor-widget-container\">\n\t\t\t\t\t\t\t\t\t<p>Im folgenden Abschnitt finden sich Antworten auf die am h\u00e4ufigsten gestellten Fragen. Sollten weitere Fragen bestehen, so z\u00f6gert nicht uns anzurufen!<\/p>\t\t\t\t\t\t\t\t<\/div>\n\t\t\t\t<\/div>\n\t\t\t\t<section class=\"elementor-section elementor-inner-section elementor-element elementor-element-0b5b009 elementor-section-boxed elementor-section-height-default elementor-section-height-default\" data-id=\"0b5b009\" data-element_type=\"section\" data-e-type=\"section\">\n\t\t\t\t\t\t<div class=\"elementor-container elementor-column-gap-default\">\n\t\t\t\t\t<div class=\"elementor-column elementor-col-50 elementor-inner-column elementor-element elementor-element-13db1ec\" data-id=\"13db1ec\" data-element_type=\"column\" data-e-type=\"column\">\n\t\t\t<div class=\"elementor-widget-wrap elementor-element-populated\">\n\t\t\t\t\t\t<div class=\"elementor-element elementor-element-8636d13 elementor-widget elementor-widget-accordion\" data-id=\"8636d13\" data-element_type=\"widget\" data-e-type=\"widget\" data-widget_type=\"accordion.default\">\n\t\t\t\t<div class=\"elementor-widget-container\">\n\t\t\t\t\t\t\t<div class=\"elementor-accordion\">\n\t\t\t\t\t\t\t<div class=\"elementor-accordion-item\">\n\t\t\t\t\t<div id=\"elementor-tab-title-1401\" class=\"elementor-tab-title\" data-tab=\"1\" role=\"button\" aria-controls=\"elementor-tab-content-1401\" aria-expanded=\"false\">\n\t\t\t\t\t\t\t\t\t\t\t\t\t<span class=\"elementor-accordion-icon elementor-accordion-icon-left\" aria-hidden=\"true\">\n\t\t\t\t\t\t\t\t\t\t\t\t\t\t\t<span class=\"elementor-accordion-icon-closed\"><i class=\"fas fa-plus\"><\/i><\/span>\n\t\t\t\t\t\t\t\t<span class=\"elementor-accordion-icon-opened\"><i class=\"fas fa-minus\"><\/i><\/span>\n\t\t\t\t\t\t\t\t\t\t\t\t\t\t<\/span>\n\t\t\t\t\t\t\t\t\t\t\t\t<a class=\"elementor-accordion-title\" tabindex=\"0\">Ich m\u00f6chte meine Karte Graden, wie ist der Ablauf ?<\/a>\n\t\t\t\t\t<\/div>\n\t\t\t\t\t<div id=\"elementor-tab-content-1401\" class=\"elementor-tab-content elementor-clearfix\" data-tab=\"1\" role=\"region\" aria-labelledby=\"elementor-tab-title-1401\"><p>Um unsere Grading-Produkte zu entdecken, navigiere entweder zu &#8218;Jetzt Gradieren&#8216; oder zum Men\u00fcpunkt &#8218;Shop&#8216;. Dort kannst du das Produkt deiner Wahl ausw\u00e4hlen und auf &#8218;Kaufen&#8216; klicken.<\/p><p>Nach Abschluss des Bestellvorgangs erh\u00e4ltst du eine \u00dcbersicht \u00fcber den weiteren Ablauf. Alternativ ist dieser Ablauf auch als Bild neben den Grading-Produkten dargestellt.<\/p><\/div>\n\t\t\t\t<\/div>\n\t\t\t\t\t\t\t<div class=\"elementor-accordion-item\">\n\t\t\t\t\t<div id=\"elementor-tab-title-1402\" class=\"elementor-tab-title\" data-tab=\"2\" role=\"button\" aria-controls=\"elementor-tab-content-1402\" aria-expanded=\"false\">\n\t\t\t\t\t\t\t\t\t\t\t\t\t<span class=\"elementor-accordion-icon elementor-accordion-icon-left\" aria-hidden=\"true\">\n\t\t\t\t\t\t\t\t\t\t\t\t\t\t\t<span class=\"elementor-accordion-icon-closed\"><i class=\"fas fa-plus\"><\/i><\/span>\n\t\t\t\t\t\t\t\t<span class=\"elementor-accordion-icon-opened\"><i class=\"fas fa-minus\"><\/i><\/span>\n\t\t\t\t\t\t\t\t\t\t\t\t\t\t<\/span>\n\t\t\t\t\t\t\t\t\t\t\t\t<a class=\"elementor-accordion-title\" tabindex=\"0\">Payment and payment methods<\/a>\n\t\t\t\t\t<\/div>\n\t\t\t\t\t<div id=\"elementor-tab-content-1402\" class=\"elementor-tab-content elementor-clearfix\" data-tab=\"2\" role=\"region\" aria-labelledby=\"elementor-tab-title-1402\"><p>Die folgenden Zahlungsmethoden stehen zur Verf\u00fcgung:<\/p><ul><li>\u00dcberweisung<\/li><li>Barzahlung vor Ort<\/li><li>PayPal<\/li><li>PayPal &#8211; Sp\u00e4ter Zahlen<\/li><li>PayPal &#8211; Ratenzahlung<\/li><li>Klarna<\/li><\/ul><\/div>\n\t\t\t\t<\/div>\n\t\t\t\t\t\t\t<div class=\"elementor-accordion-item\">\n\t\t\t\t\t<div id=\"elementor-tab-title-1403\" class=\"elementor-tab-title\" data-tab=\"3\" role=\"button\" aria-controls=\"elementor-tab-content-1403\" aria-expanded=\"false\">\n\t\t\t\t\t\t\t\t\t\t\t\t\t<span class=\"elementor-accordion-icon elementor-accordion-icon-left\" aria-hidden=\"true\">\n\t\t\t\t\t\t\t\t\t\t\t\t\t\t\t<span class=\"elementor-accordion-icon-closed\"><i class=\"fas fa-plus\"><\/i><\/span>\n\t\t\t\t\t\t\t\t<span class=\"elementor-accordion-icon-opened\"><i class=\"fas fa-minus\"><\/i><\/span>\n\t\t\t\t\t\t\t\t\t\t\t\t\t\t<\/span>\n\t\t\t\t\t\t\t\t\t\t\t\t<a class=\"elementor-accordion-title\" tabindex=\"0\">Sind meine Karten versichert?<\/a>\n\t\t\t\t\t<\/div>\n\t\t\t\t\t<div id=\"elementor-tab-content-1403\" class=\"elementor-tab-content elementor-clearfix\" data-tab=\"3\" role=\"region\" aria-labelledby=\"elementor-tab-title-1403\"><p><span>&#8222;Deine Karten sind bei uns von der Ankunft bis zur R\u00fccksendung versichert. F\u00fcr Karten mit hohem Wert empfehlen wir jedoch, diese pers\u00f6nlich zu \u00fcbergeben und auch wieder abzuholen.<br \/><br \/>&#8222;Der R\u00fcckversand von Artikeln im Wert von 500\u20ac bis 25.000\u20ac ist \u00fcber DHL versichert<\/span><\/p><\/div>\n\t\t\t\t<\/div>\n\t\t\t\t\t\t\t<div class=\"elementor-accordion-item\">\n\t\t\t\t\t<div id=\"elementor-tab-title-1404\" class=\"elementor-tab-title\" data-tab=\"4\" role=\"button\" aria-controls=\"elementor-tab-content-1404\" aria-expanded=\"false\">\n\t\t\t\t\t\t\t\t\t\t\t\t\t<span class=\"elementor-accordion-icon elementor-accordion-icon-left\" aria-hidden=\"true\">\n\t\t\t\t\t\t\t\t\t\t\t\t\t\t\t<span class=\"elementor-accordion-icon-closed\"><i class=\"fas fa-plus\"><\/i><\/span>\n\t\t\t\t\t\t\t\t<span class=\"elementor-accordion-icon-opened\"><i class=\"fas fa-minus\"><\/i><\/span>\n\t\t\t\t\t\t\t\t\t\t\t\t\t\t<\/span>\n\t\t\t\t\t\t\t\t\t\t\t\t<a class=\"elementor-accordion-title\" tabindex=\"0\">In welcher Sprache gradet Ihr?<\/a>\n\t\t\t\t\t<\/div>\n\t\t\t\t\t<div id=\"elementor-tab-content-1404\" class=\"elementor-tab-content elementor-clearfix\" data-tab=\"4\" role=\"region\" aria-labelledby=\"elementor-tab-title-1404\"><p>We grade cards in the following languages:<\/p><ul><li>Deutsch<\/li><li>Englisch<\/li><li>Japanisch<\/li><li>Koreanisch<\/li><li>Chinesisch\u00a0<\/li><li>Spanisch<\/li><li>Italienisch<\/li><li>Franz\u00f6sich<\/li><\/ul><p>F\u00fcr andere Sprachen, kannst du mit uns vorher Kontakt aufnehmen.<\/p><\/div>\n\t\t\t\t<\/div>\n\t\t\t\t\t\t\t\t<\/div>\n\t\t\t\t\t\t<\/div>\n\t\t\t\t<\/div>\n\t\t\t\t\t<\/div>\n\t\t<\/div>\n\t\t\t\t<div class=\"elementor-column elementor-col-50 elementor-inner-column elementor-element elementor-element-f2dbf0c\" data-id=\"f2dbf0c\" data-element_type=\"column\" data-e-type=\"column\">\n\t\t\t<div class=\"elementor-widget-wrap elementor-element-populated\">\n\t\t\t\t\t\t<div class=\"elementor-element elementor-element-e434bd2 elementor-widget elementor-widget-accordion\" data-id=\"e434bd2\" data-element_type=\"widget\" data-e-type=\"widget\" data-widget_type=\"accordion.default\">\n\t\t\t\t<div class=\"elementor-widget-container\">\n\t\t\t\t\t\t\t<div class=\"elementor-accordion\">\n\t\t\t\t\t\t\t<div class=\"elementor-accordion-item\">\n\t\t\t\t\t<div id=\"elementor-tab-title-2391\" class=\"elementor-tab-title\" data-tab=\"1\" role=\"button\" aria-controls=\"elementor-tab-content-2391\" aria-expanded=\"false\">\n\t\t\t\t\t\t\t\t\t\t\t\t\t<span class=\"elementor-accordion-icon elementor-accordion-icon-left\" aria-hidden=\"true\">\n\t\t\t\t\t\t\t\t\t\t\t\t\t\t\t<span class=\"elementor-accordion-icon-closed\"><i class=\"fas fa-plus\"><\/i><\/span>\n\t\t\t\t\t\t\t\t<span class=\"elementor-accordion-icon-opened\"><i class=\"fas fa-minus\"><\/i><\/span>\n\t\t\t\t\t\t\t\t\t\t\t\t\t\t<\/span>\n\t\t\t\t\t\t\t\t\t\t\t\t<a class=\"elementor-accordion-title\" tabindex=\"0\">Welche Karten kann man bei euch graden?<\/a>\n\t\t\t\t\t<\/div>\n\t\t\t\t\t<div id=\"elementor-tab-content-2391\" class=\"elementor-tab-content elementor-clearfix\" data-tab=\"1\" role=\"region\" aria-labelledby=\"elementor-tab-title-2391\"><p>Wir bewerten folgende TCGs und mehr:<\/p><ul><li>Pokemon<\/li><li>Yugioh<\/li><li>Dragonball (auch Vintage)<\/li><li>Lorcana<\/li><li>Naruto (auch Vintage)<\/li><li>One Piece (auch Vintage)<\/li><li>Wei\u00df\/Schwarz<\/li><li>Wei\u00df Schwarz Blau<\/li><li>Digimon<\/li><li>Flash an Blood<\/li><li>Union Arena<\/li><li>Final Fantasy<\/li><li>Vanguard<\/li><li>Topps (auch Sticker)<\/li><li>Panini (auch Sticker)<\/li><li>Magic The Gathering<\/li><li>Battle Spirits<\/li><li>Rebirth for you<\/li><li>Shadowverse Evolve<\/li><li>Disney 100<\/li><\/ul><p>Bei R\u00fcckfragen stehen wir gerne zur Verf\u00fcgung.<\/p><\/div>\n\t\t\t\t<\/div>\n\t\t\t\t\t\t\t<div class=\"elementor-accordion-item\">\n\t\t\t\t\t<div id=\"elementor-tab-title-2392\" class=\"elementor-tab-title\" data-tab=\"2\" role=\"button\" aria-controls=\"elementor-tab-content-2392\" aria-expanded=\"false\">\n\t\t\t\t\t\t\t\t\t\t\t\t\t<span class=\"elementor-accordion-icon elementor-accordion-icon-left\" aria-hidden=\"true\">\n\t\t\t\t\t\t\t\t\t\t\t\t\t\t\t<span class=\"elementor-accordion-icon-closed\"><i class=\"fas fa-plus\"><\/i><\/span>\n\t\t\t\t\t\t\t\t<span class=\"elementor-accordion-icon-opened\"><i class=\"fas fa-minus\"><\/i><\/span>\n\t\t\t\t\t\t\t\t\t\t\t\t\t\t<\/span>\n\t\t\t\t\t\t\t\t\t\t\t\t<a class=\"elementor-accordion-title\" tabindex=\"0\">Wie ist meine Karte nach dem Graden gesch\u00fctzt?<\/a>\n\t\t\t\t\t<\/div>\n\t\t\t\t\t<div id=\"elementor-tab-content-2392\" class=\"elementor-tab-content elementor-clearfix\" data-tab=\"2\" role=\"region\" aria-labelledby=\"elementor-tab-title-2392\"><p>Before it gets into the case, the card will packed into a special sleeve.<\/p><p>Anschlie\u00dfend wird das Case per Ultraschall verschwei\u00dft, diese erm\u00f6glicht das Case Staubfrei zu halten.<\/p><p>Moreover, the card is also protected against UV light.\u00a0<\/p><\/div>\n\t\t\t\t<\/div>\n\t\t\t\t\t\t\t<div class=\"elementor-accordion-item\">\n\t\t\t\t\t<div id=\"elementor-tab-title-2393\" class=\"elementor-tab-title\" data-tab=\"3\" role=\"button\" aria-controls=\"elementor-tab-content-2393\" aria-expanded=\"false\">\n\t\t\t\t\t\t\t\t\t\t\t\t\t<span class=\"elementor-accordion-icon elementor-accordion-icon-left\" aria-hidden=\"true\">\n\t\t\t\t\t\t\t\t\t\t\t\t\t\t\t<span class=\"elementor-accordion-icon-closed\"><i class=\"fas fa-plus\"><\/i><\/span>\n\t\t\t\t\t\t\t\t<span class=\"elementor-accordion-icon-opened\"><i class=\"fas fa-minus\"><\/i><\/span>\n\t\t\t\t\t\t\t\t\t\t\t\t\t\t<\/span>\n\t\t\t\t\t\t\t\t\t\t\t\t<a class=\"elementor-accordion-title\" tabindex=\"0\">Kann man das Case wieder \u00f6ffnen?<\/a>\n\t\t\t\t\t<\/div>\n\t\t\t\t\t<div id=\"elementor-tab-content-2393\" class=\"elementor-tab-content elementor-clearfix\" data-tab=\"3\" role=\"region\" aria-labelledby=\"elementor-tab-title-2393\"><p>Das Case wurde durch eine Ultraschall Schwei\u00dftechnik versiegelt. Das macht es unm\u00f6glich das Case zu \u00d6ffnen ohne diese zu besch\u00e4digen.<\/p><\/div>\n\t\t\t\t<\/div>\n\t\t\t\t\t\t\t<div class=\"elementor-accordion-item\">\n\t\t\t\t\t<div id=\"elementor-tab-title-2394\" class=\"elementor-tab-title\" data-tab=\"4\" role=\"button\" aria-controls=\"elementor-tab-content-2394\" aria-expanded=\"false\">\n\t\t\t\t\t\t\t\t\t\t\t\t\t<span class=\"elementor-accordion-icon elementor-accordion-icon-left\" aria-hidden=\"true\">\n\t\t\t\t\t\t\t\t\t\t\t\t\t\t\t<span class=\"elementor-accordion-icon-closed\"><i class=\"fas fa-plus\"><\/i><\/span>\n\t\t\t\t\t\t\t\t<span class=\"elementor-accordion-icon-opened\"><i class=\"fas fa-minus\"><\/i><\/span>\n\t\t\t\t\t\t\t\t\t\t\t\t\t\t<\/span>\n\t\t\t\t\t\t\t\t\t\t\t\t<a class=\"elementor-accordion-title\" tabindex=\"0\">Ist euer Produkt f\u00e4lschungssicher?<\/a>\n\t\t\t\t\t<\/div>\n\t\t\t\t\t<div id=\"elementor-tab-content-2394\" class=\"elementor-tab-content elementor-clearfix\" data-tab=\"4\" role=\"region\" aria-labelledby=\"elementor-tab-title-2394\"><p>Unsere Labels enthalten unser Logo, das beidseitig mit einer silbernen Sicherheitsfolie bedruckt ist. Ebenfallls ist das Logo nur unter Schwarzlicht sichtbar.<\/p><p>Zus\u00e4tzlich verf\u00fcgen alle unsere Labels \u00fcber einen QR-Code. Durch das Scannen gelangt man auf unsere Webseite und erh\u00e4lt Zugang zum digitalen Grading. Dadurch ist eine F\u00e4lschung ausgeschlossen.<\/p><\/div>\n\t\t\t\t<\/div>\n\t\t\t\t\t\t\t\t<\/div>\n\t\t\t\t\t\t<\/div>\n\t\t\t\t<\/div>\n\t\t\t\t\t<\/div>\n\t\t<\/div>\n\t\t\t\t\t<\/div>\n\t\t<\/section>\n\t\t\t\t\t<\/div>\n\t\t<\/div>\n\t\t\t\t\t<\/div>\n\t\t<\/section>\n\t\t\t\t<\/div>","protected":false},"excerpt":{"rendered":"<p>FAQ Im folgenden Abschnitt finden sich Antworten auf die am h\u00e4ufigsten gestellten Fragen. Sollten weitere Fragen bestehen, so z\u00f6gert nicht uns anzurufen! Ich m\u00f6chte meine Karte Graden, wie ist der [&hellip;]<\/p>\n","protected":false},"author":4,"featured_media":0,"parent":0,"menu_order":0,"comment_status":"closed","ping_status":"closed","template":"elementor_header_footer","meta":{"_acf_changed":false,"footnotes":""},"class_list":["post-8951","page","type-page","status-publish","hentry"],"acf":[],"yoast_head":"<!-- This site is optimized with the Yoast SEO plugin v27.5 - https:\/\/yoast.com\/product\/yoast-seo-wordpress\/ -->\n<title>FAQ - PGS - Platin Grading Service<\/title>\n<meta name=\"robots\" content=\"index, follow, max-snippet:-1, max-image-preview:large, max-video-preview:-1\" \/>\n<link rel=\"canonical\" href=\"https:\/\/platin-grading.de\/en\/faq\/\" \/>\n<meta property=\"og:locale\" content=\"en_US\" \/>\n<meta property=\"og:type\" content=\"article\" \/>\n<meta property=\"og:title\" content=\"FAQ - PGS - Platin Grading Service\" \/>\n<meta property=\"og:description\" content=\"FAQ Im folgenden Abschnitt finden sich Antworten auf die am h\u00e4ufigsten gestellten Fragen. Sollten weitere Fragen bestehen, so z\u00f6gert nicht uns anzurufen! Ich m\u00f6chte meine Karte Graden, wie ist der [&hellip;]\" \/>\n<meta property=\"og:url\" content=\"https:\/\/platin-grading.de\/en\/faq\/\" \/>\n<meta property=\"og:site_name\" content=\"PGS - Platin Grading Service\" \/>\n<meta property=\"article:modified_time\" content=\"2023-11-20T16:19:17+00:00\" \/>\n<meta name=\"twitter:label1\" content=\"Est. reading time\" \/>\n\t<meta name=\"twitter:data1\" content=\"3 minutes\" \/>\n<script type=\"application\/ld+json\" class=\"yoast-schema-graph\">{\"@context\":\"https:\\\/\\\/schema.org\",\"@graph\":[{\"@type\":\"WebPage\",\"@id\":\"https:\\\/\\\/platin-grading.de\\\/en\\\/faq\\\/\",\"url\":\"https:\\\/\\\/platin-grading.de\\\/en\\\/faq\\\/\",\"name\":\"FAQ - PGS - Platin Grading Service\",\"isPartOf\":{\"@id\":\"https:\\\/\\\/platin-grading.de\\\/en\\\/#website\"},\"datePublished\":\"2021-04-01T22:47:19+00:00\",\"dateModified\":\"2023-11-20T16:19:17+00:00\",\"breadcrumb\":{\"@id\":\"https:\\\/\\\/platin-grading.de\\\/en\\\/faq\\\/#breadcrumb\"},\"inLanguage\":\"en-US\",\"potentialAction\":[{\"@type\":\"ReadAction\",\"target\":[\"https:\\\/\\\/platin-grading.de\\\/en\\\/faq\\\/\"]}]},{\"@type\":\"BreadcrumbList\",\"@id\":\"https:\\\/\\\/platin-grading.de\\\/en\\\/faq\\\/#breadcrumb\",\"itemListElement\":[{\"@type\":\"ListItem\",\"position\":1,\"name\":\"Startseite\",\"item\":\"https:\\\/\\\/platin-grading.de\\\/\"},{\"@type\":\"ListItem\",\"position\":2,\"name\":\"FAQ\"}]},{\"@type\":\"WebSite\",\"@id\":\"https:\\\/\\\/platin-grading.de\\\/en\\\/#website\",\"url\":\"https:\\\/\\\/platin-grading.de\\\/en\\\/\",\"name\":\"PGS - Platin Grading Service\",\"description\":\"Grading Service, Bewertung von Sammelkarten\",\"publisher\":{\"@id\":\"https:\\\/\\\/platin-grading.de\\\/en\\\/#organization\"},\"potentialAction\":[{\"@type\":\"SearchAction\",\"target\":{\"@type\":\"EntryPoint\",\"urlTemplate\":\"https:\\\/\\\/platin-grading.de\\\/en\\\/?s={search_term_string}\"},\"query-input\":{\"@type\":\"PropertyValueSpecification\",\"valueRequired\":true,\"valueName\":\"search_term_string\"}}],\"inLanguage\":\"en-US\"},{\"@type\":\"Organization\",\"@id\":\"https:\\\/\\\/platin-grading.de\\\/en\\\/#organization\",\"name\":\"Platin Grading Service\",\"url\":\"https:\\\/\\\/platin-grading.de\\\/en\\\/\",\"logo\":{\"@type\":\"ImageObject\",\"inLanguage\":\"en-US\",\"@id\":\"https:\\\/\\\/platin-grading.de\\\/en\\\/#\\\/schema\\\/logo\\\/image\\\/\",\"url\":\"https:\\\/\\\/platin-grading.de\\\/wp-content\\\/uploads\\\/2020\\\/11\\\/2-01-1-scaled.jpg\",\"contentUrl\":\"https:\\\/\\\/platin-grading.de\\\/wp-content\\\/uploads\\\/2020\\\/11\\\/2-01-1-scaled.jpg\",\"width\":2560,\"height\":1600,\"caption\":\"Platin Grading Service\"},\"image\":{\"@id\":\"https:\\\/\\\/platin-grading.de\\\/en\\\/#\\\/schema\\\/logo\\\/image\\\/\"}}]}<\/script>\n<!-- \/ Yoast SEO plugin. -->","yoast_head_json":{"title":"FAQ - PGS - Platin Grading Service","robots":{"index":"index","follow":"follow","max-snippet":"max-snippet:-1","max-image-preview":"max-image-preview:large","max-video-preview":"max-video-preview:-1"},"canonical":"https:\/\/platin-grading.de\/en\/faq\/","og_locale":"en_US","og_type":"article","og_title":"FAQ - PGS - Platin Grading Service","og_description":"FAQ Im folgenden Abschnitt finden sich Antworten auf die am h\u00e4ufigsten gestellten Fragen. Sollten weitere Fragen bestehen, so z\u00f6gert nicht uns anzurufen! Ich m\u00f6chte meine Karte Graden, wie ist der [&hellip;]","og_url":"https:\/\/platin-grading.de\/en\/faq\/","og_site_name":"PGS - Platin Grading Service","article_modified_time":"2023-11-20T16:19:17+00:00","twitter_misc":{"Est. reading time":"3 minutes"},"schema":{"@context":"https:\/\/schema.org","@graph":[{"@type":"WebPage","@id":"https:\/\/platin-grading.de\/en\/faq\/","url":"https:\/\/platin-grading.de\/en\/faq\/","name":"FAQ - PGS - Platin Grading Service","isPartOf":{"@id":"https:\/\/platin-grading.de\/en\/#website"},"datePublished":"2021-04-01T22:47:19+00:00","dateModified":"2023-11-20T16:19:17+00:00","breadcrumb":{"@id":"https:\/\/platin-grading.de\/en\/faq\/#breadcrumb"},"inLanguage":"en-US","potentialAction":[{"@type":"ReadAction","target":["https:\/\/platin-grading.de\/en\/faq\/"]}]},{"@type":"BreadcrumbList","@id":"https:\/\/platin-grading.de\/en\/faq\/#breadcrumb","itemListElement":[{"@type":"ListItem","position":1,"name":"Startseite","item":"https:\/\/platin-grading.de\/"},{"@type":"ListItem","position":2,"name":"FAQ"}]},{"@type":"WebSite","@id":"https:\/\/platin-grading.de\/en\/#website","url":"https:\/\/platin-grading.de\/en\/","name":"PGS - Platin Grading Service","description":"Grading Service, Bewertung von Sammelkarten","publisher":{"@id":"https:\/\/platin-grading.de\/en\/#organization"},"potentialAction":[{"@type":"SearchAction","target":{"@type":"EntryPoint","urlTemplate":"https:\/\/platin-grading.de\/en\/?s={search_term_string}"},"query-input":{"@type":"PropertyValueSpecification","valueRequired":true,"valueName":"search_term_string"}}],"inLanguage":"en-US"},{"@type":"Organization","@id":"https:\/\/platin-grading.de\/en\/#organization","name":"Platin Grading Service","url":"https:\/\/platin-grading.de\/en\/","logo":{"@type":"ImageObject","inLanguage":"en-US","@id":"https:\/\/platin-grading.de\/en\/#\/schema\/logo\/image\/","url":"https:\/\/platin-grading.de\/wp-content\/uploads\/2020\/11\/2-01-1-scaled.jpg","contentUrl":"https:\/\/platin-grading.de\/wp-content\/uploads\/2020\/11\/2-01-1-scaled.jpg","width":2560,"height":1600,"caption":"Platin Grading Service"},"image":{"@id":"https:\/\/platin-grading.de\/en\/#\/schema\/logo\/image\/"}}]}},"_links":{"self":[{"href":"https:\/\/platin-grading.de\/en\/wp-json\/wp\/v2\/pages\/8951","targetHints":{"allow":["GET"]}}],"collection":[{"href":"https:\/\/platin-grading.de\/en\/wp-json\/wp\/v2\/pages"}],"about":[{"href":"https:\/\/platin-grading.de\/en\/wp-json\/wp\/v2\/types\/page"}],"author":[{"embeddable":true,"href":"https:\/\/platin-grading.de\/en\/wp-json\/wp\/v2\/users\/4"}],"replies":[{"embeddable":true,"href":"https:\/\/platin-grading.de\/en\/wp-json\/wp\/v2\/comments?post=8951"}],"version-history":[{"count":0,"href":"https:\/\/platin-grading.de\/en\/wp-json\/wp\/v2\/pages\/8951\/revisions"}],"wp:attachment":[{"href":"https:\/\/platin-grading.de\/en\/wp-json\/wp\/v2\/media?parent=8951"}],"curies":[{"name":"wp","href":"https:\/\/api.w.org\/{rel}","templated":true}]}}